{"id":2544,"date":"2019-09-20T07:33:12","date_gmt":"2019-09-20T05:33:12","guid":{"rendered":"https:\/\/www.cantaruttialfieri.it\/about\/"},"modified":"2025-02-18T09:30:36","modified_gmt":"2025-02-18T08:30:36","slug":"storia","status":"publish","type":"page","link":"https:\/\/cantaruttialfieri.it\/it\/storia\/","title":{"rendered":"Storia"},"content":{"rendered":"\t\t<div data-elementor-type=\"wp-page\" data-elementor-id=\"2544\" class=\"elementor elementor-2544 elementor-189\" data-elementor-settings=\"{&quot;page_masthead_image_height&quot;:{&quot;unit&quot;:&quot;px&quot;,&quot;size&quot;:900,&quot;sizes&quot;:[]},&quot;page_masthead_image_height_tablet&quot;:{&quot;unit&quot;:&quot;vh&quot;,&quot;size&quot;:70,&quot;sizes&quot;:[]},&quot;page_masthead_image_height_mobile&quot;:{&quot;unit&quot;:&quot;vh&quot;,&quot;size&quot;:50,&quot;sizes&quot;:[]}}\" data-elementor-post-type=\"page\">\n\t\t\t\t\t\t<section data-particle_enable=\"false\" data-particle-mobile-disabled=\"false\" class=\"elementor-section elementor-top-section elementor-element elementor-element-a274730 elementor-section-full_width container-fluid bg-light elementor-section-height-default elementor-section-height-default\" data-id=\"a274730\" data-element_type=\"section\">\n\t\t\t\t\t\t<div class=\"elementor-container elementor-column-gap-no\">\n\t\t\t\t\t<div class=\"elementor-column elementor-col-100 elementor-top-column elementor-element elementor-element-cd4f8d2\" data-id=\"cd4f8d2\" data-element_type=\"column\">\n\t\t\t<div class=\"elementor-widget-wrap elementor-element-populated\">\n\t\t\t\t\t\t<section data-particle_enable=\"false\" data-particle-mobile-disabled=\"false\" class=\"elementor-section elementor-inner-section elementor-element elementor-element-6f9a7b4 elementor-section-full_width bg-white elementor-section-height-default elementor-section-height-default\" data-id=\"6f9a7b4\" data-element_type=\"section\">\n\t\t\t\t\t\t<div class=\"elementor-container elementor-column-gap-no\">\n\t\t\t\t\t<div class=\"elementor-column elementor-col-100 elementor-inner-column elementor-element elementor-element-5385317\" data-id=\"5385317\" data-element_type=\"column\">\n\t\t\t<div class=\"elementor-widget-wrap elementor-element-populated\">\n\t\t\t\t\t\t<div class=\"elementor-element elementor-element-e52156c elementor-widget elementor-widget-cassio-widget-parallax-background\" data-id=\"e52156c\" data-element_type=\"widget\" data-settings=\"{&quot;motion_fx_motion_fx_scrolling&quot;:&quot;yes&quot;,&quot;motion_fx_translateY_effect&quot;:&quot;yes&quot;,&quot;motion_fx_opacity_effect&quot;:&quot;yes&quot;,&quot;motion_fx_opacity_level&quot;:{&quot;unit&quot;:&quot;px&quot;,&quot;size&quot;:3,&quot;sizes&quot;:[]},&quot;motion_fx_opacity_range&quot;:{&quot;unit&quot;:&quot;%&quot;,&quot;size&quot;:&quot;&quot;,&quot;sizes&quot;:{&quot;start&quot;:20,&quot;end&quot;:100}},&quot;motion_fx_translateY_speed&quot;:{&quot;unit&quot;:&quot;px&quot;,&quot;size&quot;:4,&quot;sizes&quot;:[]},&quot;motion_fx_translateY_affectedRange&quot;:{&quot;unit&quot;:&quot;%&quot;,&quot;size&quot;:&quot;&quot;,&quot;sizes&quot;:{&quot;start&quot;:0,&quot;end&quot;:100}},&quot;motion_fx_opacity_direction&quot;:&quot;out-in&quot;,&quot;motion_fx_devices&quot;:[&quot;desktop&quot;,&quot;tablet&quot;,&quot;mobile&quot;]}\" data-widget_type=\"cassio-widget-parallax-background.default\">\n\t\t\t\t<div class=\"elementor-widget-container\">\n\t\t\t\t\t\n\t\t<div class=\"section section-image section text-center\">\n\t\t\t\t\t\t\t\t\t\t\t\t\t\t\t\t\t\t\t\t\t\t\t\t\t\t<div class=\"section-image__wrapper\" data-art-parallax=background data-art-parallax-factor=0.1>\n\t\t\t\t\t\t\t\t\t\t\t<div class=\"art-parallax__wrapper\">\n\t\t\t\t\t\t\t\t\t\t\t\t\t<img decoding=\"async\" class=\"art-parallax__bg lazy-bg of-cover\" src=\"data:image\/png;base64,iVBORw0KGgoAAAANSUhEUgAAAAEAAAABCAQAAAHCGzyUAAAABGdBTUEAALGPC\/xhBQAAADhlWElmTU0AKgAAAAgAAYdpAAQAAAABAAAAGgAAAAAAAqACAAQAAAABAAAAAaADAAQAAAABAAAAAQAAAADa6r\/EAAAAC0lEQVQI12NolQQAASYAn89qhTcAAAAASUVORK5CYII=\" data-src=\"https:\/\/cantaruttialfieri.it\/wp-content\/uploads\/2025\/02\/Vigne-06.jpg\" data-srcset=\"https:\/\/cantaruttialfieri.it\/wp-content\/uploads\/2025\/02\/Vigne-06.jpg 2500w, https:\/\/cantaruttialfieri.it\/wp-content\/uploads\/2025\/02\/Vigne-06-300x200.jpg 300w, https:\/\/cantaruttialfieri.it\/wp-content\/uploads\/2025\/02\/Vigne-06-1024x683.jpg 1024w, https:\/\/cantaruttialfieri.it\/wp-content\/uploads\/2025\/02\/Vigne-06-768x512.jpg 768w, https:\/\/cantaruttialfieri.it\/wp-content\/uploads\/2025\/02\/Vigne-06-1536x1024.jpg 1536w, https:\/\/cantaruttialfieri.it\/wp-content\/uploads\/2025\/02\/Vigne-06-2048x1366.jpg 2048w\" data-sizes=\"(max-width: 2500px) 100vw, 2500px\" alt=\"\"  \/>\n\t\t\t\t\t\t\t\t\t\t\t  <\/div>\n\t\t\t\t\t\t\t\t\t\t\t\t\t<\/div>\n\t\t\t\t\t\t\t\t\t\t\t\t\t\t\t\t\t\t\t<\/div>\n\n\t\t\t\t\t\t<\/div>\n\t\t\t\t<\/div>\n\t\t\t\t\t<\/div>\n\t\t<\/div>\n\t\t\t\t\t<\/div>\n\t\t<\/section>\n\t\t\t\t\t<\/div>\n\t\t<\/div>\n\t\t\t\t\t<\/div>\n\t\t<\/section>\n\t\t\t\t<section data-particle_enable=\"false\" data-particle-mobile-disabled=\"false\" class=\"elementor-section elementor-top-section elementor-element elementor-element-0ee1259 elementor-section-full_width container-fluid bg-light elementor-section-height-default elementor-section-height-default\" data-id=\"0ee1259\" data-element_type=\"section\">\n\t\t\t\t\t\t<div class=\"elementor-container elementor-column-gap-no\">\n\t\t\t\t\t<div class=\"elementor-column elementor-col-100 elementor-top-column elementor-element elementor-element-51b958a\" data-id=\"51b958a\" data-element_type=\"column\">\n\t\t\t<div class=\"elementor-widget-wrap elementor-element-populated\">\n\t\t\t\t\t\t<section data-particle_enable=\"false\" data-particle-mobile-disabled=\"false\" class=\"elementor-section elementor-inner-section elementor-element elementor-element-dbc00f0 section_pt section_pb bg-white container-fluid elementor-section-boxed elementor-section-height-default elementor-section-height-default\" data-id=\"dbc00f0\" data-element_type=\"section\">\n\t\t\t\t\t\t<div class=\"elementor-container elementor-column-gap-no\">\n\t\t\t\t\t<div class=\"elementor-column elementor-col-100 elementor-inner-column elementor-element elementor-element-78daf9e\" data-id=\"78daf9e\" data-element_type=\"column\">\n\t\t\t<div class=\"elementor-widget-wrap elementor-element-populated\">\n\t\t\t\t\t\t<div class=\"elementor-element elementor-element-1b1e334 elementor-widget elementor-widget-heading\" data-id=\"1b1e334\" data-element_type=\"widget\" data-widget_type=\"heading.default\">\n\t\t\t\t<div class=\"elementor-widget-container\">\n\t\t\t\t\t<h2 class=\"elementor-heading-title elementor-size-default\">Le origini<\/h2>\t\t\t\t<\/div>\n\t\t\t\t<\/div>\n\t\t\t\t<div class=\"elementor-element elementor-element-cb177f6 elementor-widget elementor-widget-cassio-widget-content-block\" data-id=\"cb177f6\" data-element_type=\"widget\" data-widget_type=\"cassio-widget-content-block.default\">\n\t\t\t\t<div class=\"elementor-widget-container\">\n\t\t\t\t\t\t\t<div class=\"section section-content section-content_columns_1_3 section-content_has-headline\" data-os-animation=\"\">\n\t\t\t<div class=\"row justify-content-between\">\n\t\t\t\t<div class=\"col-12 section-content__header col-lg-10 section-content__header_mb\">\n\t\t\t\t\t<div class=\"split-text js-split-text\" data-split-text-type=\"lines\" data-split-text-set=\"lines\"><h3>E\u2019 sempre stato un sogno quello di mio padre avere un casolare dove ritrovarsi con gli amici nel fine settimana\u2026.Il sogno di quel ragazzo si \u00e8 trasformato in realt\u00e0 quando poco pi\u00f9 che trentenne<\/h3><\/div>\n\t\t\t\t\t\t\t\t\t<\/div>\n\t\t\t\t\t\t\t\t\t<div class=\"w-100\"><\/div>\n\t\t\t\t\t\t\t\t\t\t\t\t\t<div class=\"col-lg-2 section-content__content\">\n\t\t\t\t\t\t<div class=\"section__headline section-content__headline mr-auto text-left\"><\/div>\n\t\t\t\t\t<\/div>\n\t\t\t\t\t\t\t\t\t\t\t\t\t<div class=\"col-12 section-content__content col-lg-4 col-lg-4\">\n\t\t\t\t\t\t<div class=\"split-text js-split-text\" data-split-text-type=\"lines\" data-split-text-set=\"lines\"><p>nel 1969 acquist\u00f2 sulle colline di Rosazzo, nei Colli Orientali i primi vigneti. Quel casolare di allora \u00e8 diventato oggi il nostro quartier generale sede amministrativa e produttiva.<\/p><p>l\u2019Abbazia di Rosazzo storicamente hanno sempre prodotto vini di straordinario livello qualitativo, testimonianze parlano che gi\u00e0 nel 1400 i vini di quest\u2019area varcavano i confini italiani e nel 1500 erano serviti alla mensa imperiale, e richiestissimi da patriarchi ed ecclesiastici.<\/p><\/div>\n\t\t\t\t\t<\/div>\n\t\t\t\t\t\t\t\t\t\t\t\t\t<div class=\"col-12 section-content__content col-lg-4\">\n\t\t\t\t\t\t<div class=\"split-text js-split-text\" data-split-text-type=\"lines\" data-split-text-set=\"lines\"><p>Da allora \u00e8 passato mezzo secolo e quelle colline si sono trasformate in un giardino a cielo aperto in una delle aree collinari pi\u00f9 belle e scenografiche dei Colli Orientali del Friuli.<\/p><\/div>\n\t\t\t\t\t<\/div>\n\t\t\t\t\t\t\t<\/div>\n\t\t<\/div>\n\n\t\t\t\t\t\t<\/div>\n\t\t\t\t<\/div>\n\t\t\t\t\t<\/div>\n\t\t<\/div>\n\t\t\t\t\t<\/div>\n\t\t<\/section>\n\t\t\t\t\t<\/div>\n\t\t<\/div>\n\t\t\t\t\t<\/div>\n\t\t<\/section>\n\t\t\t\t<section data-particle_enable=\"false\" data-particle-mobile-disabled=\"false\" class=\"elementor-section elementor-top-section elementor-element elementor-element-b44e2d2 elementor-section-full_width container-fluid bg-light elementor-section-height-default elementor-section-height-default\" data-id=\"b44e2d2\" data-element_type=\"section\">\n\t\t\t\t\t\t<div class=\"elementor-container elementor-column-gap-no\">\n\t\t\t\t\t<div class=\"elementor-column elementor-col-100 elementor-top-column elementor-element elementor-element-41bb20e\" data-id=\"41bb20e\" data-element_type=\"column\">\n\t\t\t<div class=\"elementor-widget-wrap elementor-element-populated\">\n\t\t\t\t\t\t<section data-particle_enable=\"false\" data-particle-mobile-disabled=\"false\" class=\"elementor-section elementor-inner-section elementor-element elementor-element-58ab695 section_pt-xsmall section_pb-xsmall bg-accent-primary-3 elementor-section-boxed elementor-section-height-default elementor-section-height-default\" data-id=\"58ab695\" data-element_type=\"section\">\n\t\t\t\t\t\t<div class=\"elementor-container elementor-column-gap-wide\">\n\t\t\t\t\t<div class=\"elementor-column elementor-col-100 elementor-inner-column elementor-element elementor-element-c27661b\" data-id=\"c27661b\" data-element_type=\"column\">\n\t\t\t<div class=\"elementor-widget-wrap elementor-element-populated\">\n\t\t\t\t\t\t<div class=\"elementor-element elementor-element-bdfd366 elementor-widget elementor-widget-image\" data-id=\"bdfd366\" data-element_type=\"widget\" data-settings=\"{&quot;motion_fx_motion_fx_scrolling&quot;:&quot;yes&quot;,&quot;motion_fx_translateY_effect&quot;:&quot;yes&quot;,&quot;motion_fx_translateY_speed&quot;:{&quot;unit&quot;:&quot;px&quot;,&quot;size&quot;:4,&quot;sizes&quot;:[]},&quot;motion_fx_translateY_affectedRange&quot;:{&quot;unit&quot;:&quot;%&quot;,&quot;size&quot;:&quot;&quot;,&quot;sizes&quot;:{&quot;start&quot;:0,&quot;end&quot;:100}},&quot;motion_fx_devices&quot;:[&quot;desktop&quot;,&quot;tablet&quot;,&quot;mobile&quot;]}\" data-widget_type=\"image.default\">\n\t\t\t\t<div class=\"elementor-widget-container\">\n\t\t\t\t\t\t\t\t\t\t\t\t\t\t\t<img fetchpriority=\"high\" decoding=\"async\" width=\"800\" height=\"522\" src=\"https:\/\/cantaruttialfieri.it\/wp-content\/uploads\/2024\/12\/AZIENDA-CANTARUTTI-4-1024x668.jpg\" class=\"attachment-large size-large wp-image-2047\" alt=\"\" srcset=\"https:\/\/cantaruttialfieri.it\/wp-content\/uploads\/2024\/12\/AZIENDA-CANTARUTTI-4-1024x668.jpg 1024w, https:\/\/cantaruttialfieri.it\/wp-content\/uploads\/2024\/12\/AZIENDA-CANTARUTTI-4-300x196.jpg 300w, https:\/\/cantaruttialfieri.it\/wp-content\/uploads\/2024\/12\/AZIENDA-CANTARUTTI-4-768x501.jpg 768w, https:\/\/cantaruttialfieri.it\/wp-content\/uploads\/2024\/12\/AZIENDA-CANTARUTTI-4-1536x1002.jpg 1536w, https:\/\/cantaruttialfieri.it\/wp-content\/uploads\/2024\/12\/AZIENDA-CANTARUTTI-4.jpg 1920w\" sizes=\"(max-width: 800px) 100vw, 800px\" \/>\t\t\t\t\t\t\t\t\t\t\t\t\t\t\t<\/div>\n\t\t\t\t<\/div>\n\t\t\t\t\t<\/div>\n\t\t<\/div>\n\t\t\t\t\t<\/div>\n\t\t<\/section>\n\t\t\t\t\t<\/div>\n\t\t<\/div>\n\t\t\t\t\t<\/div>\n\t\t<\/section>\n\t\t\t\t<section data-particle_enable=\"false\" data-particle-mobile-disabled=\"false\" class=\"elementor-section elementor-top-section elementor-element elementor-element-39f040d elementor-section-full_width container-fluid bg-light elementor-section-height-default elementor-section-height-default\" data-id=\"39f040d\" data-element_type=\"section\">\n\t\t\t\t\t\t<div class=\"elementor-container elementor-column-gap-no\">\n\t\t\t\t\t<div class=\"elementor-column elementor-col-100 elementor-top-column elementor-element elementor-element-dbc1a57\" data-id=\"dbc1a57\" data-element_type=\"column\">\n\t\t\t<div class=\"elementor-widget-wrap elementor-element-populated\">\n\t\t\t\t\t\t<section data-particle_enable=\"false\" data-particle-mobile-disabled=\"false\" class=\"elementor-section elementor-inner-section elementor-element elementor-element-ac1e289 section_pt section_pb-xsmall bg-off-white container-fluid elementor-section-boxed elementor-section-height-default elementor-section-height-default\" data-id=\"ac1e289\" data-element_type=\"section\">\n\t\t\t\t\t\t<div class=\"elementor-container elementor-column-gap-no\">\n\t\t\t\t\t<div class=\"elementor-column elementor-col-100 elementor-inner-column elementor-element elementor-element-3bbd289\" data-id=\"3bbd289\" data-element_type=\"column\">\n\t\t\t<div class=\"elementor-widget-wrap elementor-element-populated\">\n\t\t\t\t\t\t<div class=\"elementor-element elementor-element-f6ae942 elementor-widget elementor-widget-cassio-widget-content-block\" data-id=\"f6ae942\" data-element_type=\"widget\" data-widget_type=\"cassio-widget-content-block.default\">\n\t\t\t\t<div class=\"elementor-widget-container\">\n\t\t\t\t\t\t\t<div class=\"section section-content section-content_stack\" data-os-animation=\"\">\n\t\t\t<div class=\"row justify-content-between\">\n\t\t\t\t<div class=\"col-12 section-content__header col-lg-10\">\n\t\t\t\t\t<div class=\"split-text js-split-text\" data-split-text-type=\"lines\" data-split-text-set=\"lines\"><h6>Pura magia<\/h6><\/div>\n\t\t\t\t\t\t\t\t\t<\/div>\n\t\t\t\t\t\t\t\t\t<div class=\"w-100\"><\/div>\n\t\t\t\t\t\t\t\t\t\t\t\t\t\t\t\t\t<div class=\"col-12 section-content__content col-lg-10\">\n\t\t\t\t\t\t<div class=\"split-text js-split-text\" data-split-text-type=\"lines\" data-split-text-set=\"lines\"><h3>Entrare a Rosazzo, \u00e8 come entrare in un paradiso.<\/h3><\/div>\n\t\t\t\t\t<\/div>\n\t\t\t\t\t\t\t\t\t\t\t<\/div>\n\t\t<\/div>\n\n\t\t\t\t\t\t<\/div>\n\t\t\t\t<\/div>\n\t\t\t\t\t<\/div>\n\t\t<\/div>\n\t\t\t\t\t<\/div>\n\t\t<\/section>\n\t\t\t\t<section data-particle_enable=\"false\" data-particle-mobile-disabled=\"false\" class=\"elementor-section elementor-inner-section elementor-element elementor-element-00a45b0 bg-accent-primary-3 elementor-section-full_width elementor-section-height-default elementor-section-height-default\" data-id=\"00a45b0\" data-element_type=\"section\">\n\t\t\t\t\t\t<div class=\"elementor-container elementor-column-gap-no\">\n\t\t\t\t\t<div class=\"elementor-column elementor-col-100 elementor-inner-column elementor-element elementor-element-b492920\" data-id=\"b492920\" data-element_type=\"column\" data-settings=\"{&quot;background_background&quot;:&quot;slideshow&quot;,&quot;background_slideshow_gallery&quot;:[{&quot;id&quot;:2964,&quot;url&quot;:&quot;https:\\\/\\\/cantaruttialfieri.it\\\/wp-content\\\/uploads\\\/2025\\\/02\\\/Vigne-03.jpg&quot;},{&quot;id&quot;:2968,&quot;url&quot;:&quot;https:\\\/\\\/cantaruttialfieri.it\\\/wp-content\\\/uploads\\\/2025\\\/02\\\/Vigne-05.jpg&quot;},{&quot;id&quot;:2960,&quot;url&quot;:&quot;https:\\\/\\\/cantaruttialfieri.it\\\/wp-content\\\/uploads\\\/2025\\\/02\\\/Vigne-01-1.jpg&quot;},{&quot;id&quot;:2962,&quot;url&quot;:&quot;https:\\\/\\\/cantaruttialfieri.it\\\/wp-content\\\/uploads\\\/2025\\\/02\\\/Vigne-02.jpg&quot;}],&quot;background_slideshow_transition_duration&quot;:2500,&quot;background_slideshow_ken_burns&quot;:&quot;yes&quot;,&quot;background_slideshow_loop&quot;:&quot;yes&quot;,&quot;background_slideshow_slide_duration&quot;:5000,&quot;background_slideshow_slide_transition&quot;:&quot;fade&quot;,&quot;background_slideshow_ken_burns_zoom_direction&quot;:&quot;in&quot;}\">\n\t\t\t<div class=\"elementor-widget-wrap elementor-element-populated\">\n\t\t\t\t\t\t<div class=\"elementor-element elementor-element-8513643 elementor-widget elementor-widget-cassio-widget-call-to-action\" data-id=\"8513643\" data-element_type=\"widget\" data-widget_type=\"cassio-widget-call-to-action.default\">\n\t\t\t\t<div class=\"elementor-widget-container\">\n\t\t\t\t\t\n\t\t<div class=\"section section-content section-cta section-image section_z-100 section_pt section_pb\" data-os-animation=\"\">\n\t\t\t\t\t\t<div class=\"section__content\">\n\t\t\t\t<div class=\"container\">\n\t\t\t\t\t<div class=\"row justify-content-center text-center\">\n\t\t\t\t\t\t<div class=\"col-lg-8\">\n\t\t\t\t\t\t\t<header class=\"section-cta__header\">\n\t\t\t\t\t\t\t\t<div class=\"split-text js-split-text\" data-split-text-type=\"lines\" data-split-text-set=\"lines\"><h2>La magia, i colori, i profumi...<\/h2><p>La magia, i colori, i profumi e le dolci colline rendono questo paesaggio unico, le vigne sono coltivate con arte e sapienza ed il clima particolare con le sue brezze che arrivano dal poco distante mare Adriatico, rendono i vini di quest\u2019area particolarmente esclusivi e ricercati.<\/p><\/div>\n\t\t\t\t\t\t\t<\/header>\n\t\t\t\t\t\t\t\t\t\t\t\t\t\t\t<div class=\"section-cta__wrapper-button section-content__wrapper-button\">\n\t\t\t\t\t\t\t\t\t\t\t\t\t\t\t\t\t\t\t<a class=\"button button_icon bg-accent-secondary-2\" href=\"https:\/\/cantaruttialfieri.it\/it\/vigneti\/\" rel=\"nofollow\">\n\t\t\t\t\t\t\t\t\t\t\t<div class=\"button__label\" >\n\t\t\t\t\t\t\t\t\t\t\t\t<span >I nostri vigneti<\/span>\n\t\t\t\t\t\t\t\t\t\t\t<\/div>\n\t\t\t\t\t\t\t\t\t\t\t<div class=\"button__icon\"><i class=\"material-icons\">keyboard_arrow_right<\/i><\/div>\n\t\t\t\t\t\t\t\t\t\t<\/a>\n\t\t\t\t\t\t\t\t\t\t\t\t\t\t\t\t\t<\/div>\n\t\t\t\t\t\t\t\t\t\t\t\t\t<\/div>\n\t\t\t\t\t<\/div>\n\t\t\t\t<\/div>\n\t\t\t<\/div>\n\t\t\t\t\t\t\t\t\t\t\t\t<\/div>\n\n\t\t\t\t\t\t<\/div>\n\t\t\t\t<\/div>\n\t\t\t\t\t<\/div>\n\t\t<\/div>\n\t\t\t\t\t<\/div>\n\t\t<\/section>\n\t\t\t\t\t<\/div>\n\t\t<\/div>\n\t\t\t\t\t<\/div>\n\t\t<\/section>\n\t\t\t\t<\/div>\n\t\t","protected":false},"excerpt":{"rendered":"<p>Le origini E\u2019 sempre stato un sogno quello di mio padre avere un casolare dove ritrovarsi con gli amici nel fine settimana\u2026.Il sogno di quel ragazzo si \u00e8 trasformato in realt\u00e0 quando poco pi\u00f9 che trentenne nel 1969 acquist\u00f2 sulle colline di Rosazzo, nei Colli Orientali i primi vigneti. Quel casolare di allora \u00e8 diventato [&hellip;]<\/p>\n","protected":false},"author":1,"featured_media":2043,"parent":0,"menu_order":0,"comment_status":"closed","ping_status":"closed","template":"","meta":{"_acf_changed":false,"footnotes":""},"class_list":["post-2544","page","type-page","status-publish","has-post-thumbnail","hentry"],"acf":[],"_links":{"self":[{"href":"https:\/\/cantaruttialfieri.it\/it\/wp-json\/wp\/v2\/pages\/2544","targetHints":{"allow":["GET"]}}],"collection":[{"href":"https:\/\/cantaruttialfieri.it\/it\/wp-json\/wp\/v2\/pages"}],"about":[{"href":"https:\/\/cantaruttialfieri.it\/it\/wp-json\/wp\/v2\/types\/page"}],"author":[{"embeddable":true,"href":"https:\/\/cantaruttialfieri.it\/it\/wp-json\/wp\/v2\/users\/1"}],"replies":[{"embeddable":true,"href":"https:\/\/cantaruttialfieri.it\/it\/wp-json\/wp\/v2\/comments?post=2544"}],"version-history":[{"count":19,"href":"https:\/\/cantaruttialfieri.it\/it\/wp-json\/wp\/v2\/pages\/2544\/revisions"}],"predecessor-version":[{"id":3023,"href":"https:\/\/cantaruttialfieri.it\/it\/wp-json\/wp\/v2\/pages\/2544\/revisions\/3023"}],"wp:featuredmedia":[{"embeddable":true,"href":"https:\/\/cantaruttialfieri.it\/it\/wp-json\/wp\/v2\/media\/2043"}],"wp:attachment":[{"href":"https:\/\/cantaruttialfieri.it\/it\/wp-json\/wp\/v2\/media?parent=2544"}],"curies":[{"name":"wp","href":"https:\/\/api.w.org\/{rel}","templated":true}]}}